{"id":62,"date":"2011-11-21T18:04:47","date_gmt":"2011-11-21T17:04:47","guid":{"rendered":"http:\/\/www.bernik.ch\/wordpress\/?page_id=62"},"modified":"2024-11-26T15:23:44","modified_gmt":"2024-11-26T14:23:44","slug":"sammelsurium","status":"publish","type":"page","link":"https:\/\/www.textgedichte.ch\/wordpress\/sammelsurium\/","title":{"rendered":"Sammelsurium"},"content":{"rendered":"<p>sammeln_finden_bedenken<\/p>\n<hr \/>\n<p><strong>DSGVO<\/strong><\/p>\n<p>Das<br \/>\nSch\u00fctzt<br \/>\nGanz<br \/>\nVor<br \/>\nOpportunit\u00e4t<\/p>\n<p>Danke<br \/>\nSehr!<br \/>\nGedichte<br \/>\nVereinen<br \/>\nOl\u00e9!<\/p>\n<hr \/>\n<p><strong>Veinintalu L\u00f5o L\u00fcscher &amp; Matiesen Muhumaa<br \/>\n<\/strong><a title=\"winegrower's earth\" href=\"http:\/\/www.bernik.ch\/wordpress\/?p=2559\"><br \/>\n&#8222;winegrower&#8217;s earth&#8220; and &#8222;being&#8220;<\/a><br \/>\nSo, was ist eigentlich Kunst?<br \/>\n<a title=\"muhuveinitalu\" href=\"https:\/\/et-ee.facebook.com\/muhuveinitalu\" target=\"_blank\" rel=\"noopener noreferrer\">tere tulemast!<\/a><\/p>\n<hr \/>\n<p><strong>Tag der Poesie<\/strong><\/p>\n<p>Da sitzt du in der Zeit<br \/>\nUnd fliessend sich der Buchtext bietet<br \/>\nim Augenschein und l\u00e4nger<br \/>\nAn all die Dinge in Gedanken<\/p>\n<p>Und draussen tobt so manches<br \/>\nAugen und Ohren, die vernehmen und erleben<br \/>\nAlles wurde dann,<br \/>\nwas Zeit uns bringt mit all den Grenzen<\/p>\n<p><a href=\"https:\/\/www.tagderpoesie.ch\/\">Tag der Poesie<\/a><\/p>\n<hr \/>\n<p><strong>Tryptichon und stiller Verlust<br \/>\nIm Stillen.<\/strong><\/p>\n<p><div id=\"mp3jWrap_0\" class=\"mjp-s-wrapper s-graphic unsel-mjp \" style=\"font-size:14px;\"><span id=\"playpause_wrap_mp3j_0\" class=\"wrap_inline_mp3j\" style=\"font-weight:700;\"><span class=\"gfxbutton_mp3j play-mjp\" id=\"playpause_mp3j_0\" style=\"font-size:14px;\">&nbsp;&nbsp;&nbsp;&nbsp;&nbsp;<\/span>&nbsp;<span class=\"group_wrap\"><span class=\"bars_mp3j\"><span class=\"loadB_mp3j\" id=\"load_mp3j_0\"><\/span><span class=\"posbarB_mp3j\" id=\"posbar_mp3j_0\"><\/span><\/span><span class=\"T_mp3j\" id=\"T_mp3j_0\" style=\"font-size:14px;\">Intro<\/span><span class=\"indi_mp3j\" style=\"font-size:9.8px;\" id=\"statusMI_0\"><\/span><\/span><span class=\"vol_mp3j flipped\" id=\"vol_mp3j_0\"><\/span><\/span><\/div><span class=\"s-nosolution\" id=\"mp3j_nosolution_0\" style=\"display:none;\"><\/span><script>\nMP3jPLAYLISTS.inline_0 = [\n\t{ name: \"Intro\", formats: [\"m4a\"], mp3: \"aHR0cDovL3d3dy5iZXJuaWsuY2gvd29yZHByZXNzL3dwLWNvbnRlbnQvdXBsb2Fkcy8yMDE2LzAzL0ludHJvLm1wNA==\", counterpart:\"\", artist: \"\", image: \"\", imgurl: \"\" }\n];\n<\/script>\n\n<script>MP3jPLAYERS[0] = { list: MP3jPLAYLISTS.inline_0, tr:0, type:'single', lstate:'', loop:false, play_txt:'&nbsp;&nbsp;&nbsp;&nbsp;&nbsp;', pause_txt:'&nbsp;&nbsp;&nbsp;&nbsp;&nbsp;', pp_title:'', autoplay:false, download:false, vol:70, height:'' };<\/script><br \/>\n<div id=\"mp3jWrap_1\" class=\"mjp-s-wrapper s-graphic unsel-mjp \" style=\"font-size:14px;\"><span id=\"playpause_wrap_mp3j_1\" class=\"wrap_inline_mp3j\" style=\"font-weight:700;\"><span class=\"gfxbutton_mp3j play-mjp\" id=\"playpause_mp3j_1\" style=\"font-size:14px;\">&nbsp;&nbsp;&nbsp;&nbsp;&nbsp;<\/span>&nbsp;<span class=\"group_wrap\"><span class=\"bars_mp3j\"><span class=\"loadB_mp3j\" id=\"load_mp3j_1\"><\/span><span class=\"posbarB_mp3j\" id=\"posbar_mp3j_1\"><\/span><\/span><span class=\"T_mp3j\" id=\"T_mp3j_1\" style=\"font-size:14px;\">II<\/span><span class=\"indi_mp3j\" style=\"font-size:9.8px;\" id=\"statusMI_1\"><\/span><\/span><span class=\"vol_mp3j flipped\" id=\"vol_mp3j_1\"><\/span><\/span><\/div><span class=\"s-nosolution\" id=\"mp3j_nosolution_1\" style=\"display:none;\"><\/span><script>\nMP3jPLAYLISTS.inline_1 = [\n\t{ name: \"II\", formats: [\"m4a\"], mp3: \"aHR0cDovL3d3dy5iZXJuaWsuY2gvd29yZHByZXNzL3dwLWNvbnRlbnQvdXBsb2Fkcy8yMDE2LzAzL0lJLm1wNA==\", counterpart:\"\", artist: \"\", image: \"\", imgurl: \"\" }\n];\n<\/script>\n\n<script>MP3jPLAYERS[1] = { list: MP3jPLAYLISTS.inline_1, tr:0, type:'single', lstate:'', loop:false, play_txt:'&nbsp;&nbsp;&nbsp;&nbsp;&nbsp;', pause_txt:'&nbsp;&nbsp;&nbsp;&nbsp;&nbsp;', pp_title:'', autoplay:false, download:false, vol:70, height:'' };<\/script><br \/>\n<div id=\"mp3jWrap_2\" class=\"mjp-s-wrapper s-graphic unsel-mjp \" style=\"font-size:14px;\"><span id=\"playpause_wrap_mp3j_2\" class=\"wrap_inline_mp3j\" style=\"font-weight:700;\"><span class=\"gfxbutton_mp3j play-mjp\" id=\"playpause_mp3j_2\" style=\"font-size:14px;\">&nbsp;&nbsp;&nbsp;&nbsp;&nbsp;<\/span>&nbsp;<span class=\"group_wrap\"><span class=\"bars_mp3j\"><span class=\"loadB_mp3j\" id=\"load_mp3j_2\"><\/span><span class=\"posbarB_mp3j\" id=\"posbar_mp3j_2\"><\/span><\/span><span class=\"T_mp3j\" id=\"T_mp3j_2\" style=\"font-size:14px;\">III<\/span><span class=\"indi_mp3j\" style=\"font-size:9.8px;\" id=\"statusMI_2\"><\/span><\/span><span class=\"vol_mp3j flipped\" id=\"vol_mp3j_2\"><\/span><\/span><\/div><span class=\"s-nosolution\" id=\"mp3j_nosolution_2\" style=\"display:none;\"><\/span><script>\nMP3jPLAYLISTS.inline_2 = [\n\t{ name: \"III\", formats: [\"m4a\"], mp3: \"aHR0cDovL3d3dy5iZXJuaWsuY2gvd29yZHByZXNzL3dwLWNvbnRlbnQvdXBsb2Fkcy8yMDE2LzAzL0lJSS5tcDQ=\", counterpart:\"\", artist: \"\", image: \"\", imgurl: \"\" }\n];\n<\/script>\n\n<script>MP3jPLAYERS[2] = { list: MP3jPLAYLISTS.inline_2, tr:0, type:'single', lstate:'', loop:false, play_txt:'&nbsp;&nbsp;&nbsp;&nbsp;&nbsp;', pause_txt:'&nbsp;&nbsp;&nbsp;&nbsp;&nbsp;', pp_title:'', autoplay:false, download:false, vol:70, height:'' };<\/script><\/p>\n<hr \/>\n<p><strong>FIM Festival<\/strong><br \/>\n<em>Im Unternehmen Mitte, Safe, in Basel<\/em><br \/>\nTag 1: Non-stop-Improvisationen<br \/>\nKurzweilig! Und alles war dabei! Was soll ich da noch sagen&#8230; STROM!<\/p>\n<p>Tag 2: Happy FIM-Hours.<br \/>\nQu&#8217;est-ce-que je dis? Spettacolare! Vielf\u00e4ltig und bereichert gl\u00fccklich!<\/p>\n<p><em>Im Glashaus, Rieselfeld,&nbsp;Freiburg im Breisgau<\/em><br \/>\n3. Tag: Gala-Konzert<br \/>\naufregend im doppelten Sinne<br \/>\nmit mehr Publikum<br \/>\nan fremdem Orten<br \/>\nmit vielen Ideen<\/p>\n<hr \/>\n<p><strong>Verst\u00e4rktes Papier &#8211; Zeilenmusik: Lesung und Vertonung auf dem Gellertgut<br \/>\n<\/strong><br \/>\n<em>Vielen herzlichen Dank an die Zuh\u00f6rerschaft; ihr wart wunderbar!<\/em><\/p>\n<p>vorhin vernahmst du ein Rauschen<br \/>\naus Gedanken<br \/>\nschwangen Worte mit<br \/>\nim Fluss die Bilder<br \/>\ngaben<br \/>\nimmer wieder neues<\/p>\n<p>eben h\u00f6rte ich noch ein Geraune<br \/>\naus Stimmen<br \/>\nert\u00f6nten Lettern<br \/>\nim Strom\u2028 die Gedanken<br \/>\ngeben<br \/>\nw\u00f6rterlang das Neue<\/p>\n<div  id=\"jtg-29173\" class=\"modula modula-gallery modula-creative-gallery\" data-config=\"{&quot;height&quot;:800,&quot;tabletHeight&quot;:800,&quot;mobileHeight&quot;:800,&quot;desktopHeight&quot;:800,&quot;enableTwitter&quot;:false,&quot;enableWhatsapp&quot;:false,&quot;enableFacebook&quot;:false,&quot;enablePinterest&quot;:false,&quot;enableLinkedin&quot;:false,&quot;enableEmail&quot;:false,&quot;randomFactor&quot;:0.5,&quot;type&quot;:&quot;creative-gallery&quot;,&quot;columns&quot;:12,&quot;gutter&quot;:10,&quot;mobileGutter&quot;:10,&quot;tabletGutter&quot;:10,&quot;desktopGutter&quot;:10,&quot;enableResponsive&quot;:&quot;0&quot;,&quot;tabletColumns&quot;:2,&quot;mobileColumns&quot;:1,&quot;lazyLoad&quot;:0,&quot;lightboxOpts&quot;:{&quot;animated&quot;:true,&quot;Thumbs&quot;:{&quot;type&quot;:&quot;modern&quot;,&quot;showOnStart&quot;:false},&quot;Toolbar&quot;:{&quot;display&quot;:{&quot;right&quot;:[&quot;close&quot;]},&quot;enabled&quot;:true},&quot;Carousel&quot;:{&quot;Panzoom&quot;:{&quot;touch&quot;:true},&quot;infinite&quot;:false},&quot;keyboard&quot;:{&quot;Escape&quot;:&quot;close&quot;,&quot;Delete&quot;:&quot;close&quot;,&quot;Backspace&quot;:&quot;close&quot;,&quot;PageUp&quot;:false,&quot;PageDown&quot;:false,&quot;ArrowUp&quot;:false,&quot;ArrowDown&quot;:false,&quot;ArrowRight&quot;:false,&quot;ArrowLeft&quot;:false},&quot;touch&quot;:false,&quot;backdropClick&quot;:false,&quot;l10n&quot;:{&quot;CLOSE&quot;:&quot;Schlie\\u00dfen&quot;,&quot;NEXT&quot;:&quot;Weiter&quot;,&quot;PREV&quot;:&quot;Zur\\u00fcck&quot;,&quot;Error&quot;:&quot;Der angeforderte Inhalt kann nicht geladen werden. Bitte versuche es sp\\u00e4ter noch einmal.&quot;,&quot;PLAY_START&quot;:&quot;Slideshow starten&quot;,&quot;PLAY_STOP&quot;:&quot;Slideshow anhalten&quot;,&quot;FULL_SCREEN&quot;:&quot;Vollbild&quot;,&quot;THUMBS&quot;:&quot;Vorschaubilder&quot;,&quot;DOWNLOAD&quot;:&quot;Download&quot;,&quot;SHARE&quot;:&quot;Teilen&quot;,&quot;ZOOM&quot;:&quot;Vergr\\u00f6\\u00dfern&quot;,&quot;EMAIL&quot;:&quot;Hier ist der Link zum Bild: %%image_link%% und hier ist der Link zur Galerie: %%gallery_link%%&quot;,&quot;MODAL&quot;:&quot;Du kannst diesen Modal-Inhalt mit der ESC-Taste schlie\\u00dfen&quot;,&quot;ERROR&quot;:&quot;Es ist ein Fehler aufgetreten. Bitte versuche es sp\\u00e4ter noch einmal&quot;,&quot;IMAGE_ERROR&quot;:&quot;Bild nicht gefunden&quot;,&quot;ELEMENT_NOT_FOUND&quot;:&quot;HTML-Element nicht gefunden&quot;,&quot;AJAX_NOT_FOUND&quot;:&quot;Fehler beim Laden von AJAX: Nicht gefunden&quot;,&quot;AJAX_FORBIDDEN&quot;:&quot;Fehler beim Laden von AJAX: Zugriff verweigert&quot;,&quot;IFRAME_ERROR&quot;:&quot;Fehler beim Laden der Seite&quot;,&quot;TOGGLE_ZOOM&quot;:&quot;Zoomstufe umschalten&quot;,&quot;TOGGLE_THUMBS&quot;:&quot;Miniaturansichten ein-\\\/ausblenden&quot;,&quot;TOGGLE_SLIDESHOW&quot;:&quot;Diashow ein-\\\/ausschalten&quot;,&quot;TOGGLE_FULLSCREEN&quot;:&quot;Vollbildmodus umschalten&quot;},&quot;Images&quot;:{&quot;Panzoom&quot;:{&quot;maxScale&quot;:2}},&quot;mainClass&quot;:&quot;modula-fancybox-container modula-lightbox-jtg-29173&quot;,&quot;Html&quot;:{&quot;videoAutoplay&quot;:0,&quot;videoTpl&quot;:&quot;&lt;video class=\\&quot;fancybox__html5video\\&quot; controls muted playsinline controlsList controlsList=\\&quot;nodownload\\&quot; poster=\\&quot;{{poster}}\\&quot; src=\\&quot;{{src}}\\&quot; type=\\&quot;{{format}}\\&quot; &gt;  Sorry, your browser doesn&#039;t support embedded videos, &lt;a href=\\&quot;{{src}}\\&quot;&gt; download &lt;\\\/a&gt; and watch with your favorite video player! &lt;\\\/video&gt;&quot;}},&quot;inView&quot;:false,&quot;email_subject&quot;:&quot;Check out this awesome image !!&quot;,&quot;email_message&quot;:&quot;Here is the link to the image : %%image_link%% and this is the link to the gallery : %%gallery_link%%&quot;,&quot;lightbox&quot;:&quot;fancybox&quot;}\">\n\n\t\n\t<div  class=\"modula-items\">\n\t\t<div class=\"modula-item effect-pufrobo\" >\n\t<div class=\"modula-item-overlay\"><\/div>\n\n\t<div class=\"modula-item-content\">\n\n\t\t<a data-image-id=\"29178\" role=\"button\" tabindex=\"0\" rel=\"jtg-29173\" data-caption=\"\" aria-label=\"Bilder in Lightbox \u00f6ffnen\" class=\"tile-inner modula-item-link\"><\/a><img loading=\"lazy\" decoding=\"async\" class=\"pic wp-image-29178\"  data-valign=\"middle\" data-halign=\"center\" alt=\"\" data-full=\"https:\/\/www.textgedichte.ch\/wordpress\/wp-content\/uploads\/2024\/11\/lesung_6.jpg\" title=\"lesung_6\" crop=\"\" width=\"300\" height=\"225\" src=\"https:\/\/www.textgedichte.ch\/wordpress\/wp-content\/uploads\/2024\/11\/lesung_6-300x225.jpg\" data-src=\"https:\/\/www.textgedichte.ch\/wordpress\/wp-content\/uploads\/2024\/11\/lesung_6-300x225.jpg\" data-caption=\"\" srcset=\"https:\/\/www.textgedichte.ch\/wordpress\/wp-content\/uploads\/2024\/11\/lesung_6.jpg 900w, https:\/\/www.textgedichte.ch\/wordpress\/wp-content\/uploads\/2024\/11\/lesung_6-300x225.jpg 300w, https:\/\/www.textgedichte.ch\/wordpress\/wp-content\/uploads\/2024\/11\/lesung_6-768x576.jpg 768w\" sizes=\"auto, (max-width: 300px) 100vw, 300px\" \/>\n\t\t<div class=\"figc no-description\">\n\t\t\t<div class=\"figc-inner\">\n\t\t\t\t\t\t\t\t\t\t\t\t\t\t\t<\/div>\n\t\t<\/div>\n\n\t<\/div>\n\n<\/div><div class=\"modula-item effect-pufrobo\" >\n\t<div class=\"modula-item-overlay\"><\/div>\n\n\t<div class=\"modula-item-content\">\n\n\t\t<a data-image-id=\"29177\" role=\"button\" tabindex=\"0\" rel=\"jtg-29173\" data-caption=\"\" aria-label=\"Bilder in Lightbox \u00f6ffnen\" class=\"tile-inner modula-item-link\"><\/a><img loading=\"lazy\" decoding=\"async\" class=\"pic wp-image-29177\"  data-valign=\"middle\" data-halign=\"center\" alt=\"\" data-full=\"https:\/\/www.textgedichte.ch\/wordpress\/wp-content\/uploads\/2024\/11\/lesung_5.jpg\" title=\"lesung_5\" crop=\"\" width=\"300\" height=\"225\" src=\"https:\/\/www.textgedichte.ch\/wordpress\/wp-content\/uploads\/2024\/11\/lesung_5-300x225.jpg\" data-src=\"https:\/\/www.textgedichte.ch\/wordpress\/wp-content\/uploads\/2024\/11\/lesung_5-300x225.jpg\" data-caption=\"\" srcset=\"https:\/\/www.textgedichte.ch\/wordpress\/wp-content\/uploads\/2024\/11\/lesung_5.jpg 900w, https:\/\/www.textgedichte.ch\/wordpress\/wp-content\/uploads\/2024\/11\/lesung_5-300x225.jpg 300w, https:\/\/www.textgedichte.ch\/wordpress\/wp-content\/uploads\/2024\/11\/lesung_5-768x576.jpg 768w\" sizes=\"auto, (max-width: 300px) 100vw, 300px\" \/>\n\t\t<div class=\"figc no-description\">\n\t\t\t<div class=\"figc-inner\">\n\t\t\t\t\t\t\t\t\t\t\t\t\t\t\t<\/div>\n\t\t<\/div>\n\n\t<\/div>\n\n<\/div><div class=\"modula-item effect-pufrobo\" >\n\t<div class=\"modula-item-overlay\"><\/div>\n\n\t<div class=\"modula-item-content\">\n\n\t\t<a data-image-id=\"29176\" role=\"button\" tabindex=\"0\" rel=\"jtg-29173\" data-caption=\"\" aria-label=\"Bilder in Lightbox \u00f6ffnen\" class=\"tile-inner modula-item-link\"><\/a><img loading=\"lazy\" decoding=\"async\" class=\"pic wp-image-29176\"  data-valign=\"middle\" data-halign=\"center\" alt=\"\" data-full=\"https:\/\/www.textgedichte.ch\/wordpress\/wp-content\/uploads\/2024\/11\/lesung_4.jpg\" title=\"lesung_4\" crop=\"\" width=\"300\" height=\"225\" src=\"https:\/\/www.textgedichte.ch\/wordpress\/wp-content\/uploads\/2024\/11\/lesung_4-300x225.jpg\" data-src=\"https:\/\/www.textgedichte.ch\/wordpress\/wp-content\/uploads\/2024\/11\/lesung_4-300x225.jpg\" data-caption=\"\" srcset=\"https:\/\/www.textgedichte.ch\/wordpress\/wp-content\/uploads\/2024\/11\/lesung_4.jpg 900w, https:\/\/www.textgedichte.ch\/wordpress\/wp-content\/uploads\/2024\/11\/lesung_4-300x225.jpg 300w, https:\/\/www.textgedichte.ch\/wordpress\/wp-content\/uploads\/2024\/11\/lesung_4-768x576.jpg 768w\" sizes=\"auto, (max-width: 300px) 100vw, 300px\" \/>\n\t\t<div class=\"figc no-description\">\n\t\t\t<div class=\"figc-inner\">\n\t\t\t\t\t\t\t\t\t\t\t\t\t\t\t<\/div>\n\t\t<\/div>\n\n\t<\/div>\n\n<\/div><div class=\"modula-item effect-pufrobo\" >\n\t<div class=\"modula-item-overlay\"><\/div>\n\n\t<div class=\"modula-item-content\">\n\n\t\t<a data-image-id=\"29175\" role=\"button\" tabindex=\"0\" rel=\"jtg-29173\" data-caption=\"\" aria-label=\"Bilder in Lightbox \u00f6ffnen\" class=\"tile-inner modula-item-link\"><\/a><img loading=\"lazy\" decoding=\"async\" class=\"pic wp-image-29175\"  data-valign=\"middle\" data-halign=\"center\" alt=\"\" data-full=\"https:\/\/www.textgedichte.ch\/wordpress\/wp-content\/uploads\/2024\/11\/lesung_3.jpg\" title=\"lesung_3\" crop=\"\" width=\"300\" height=\"225\" src=\"https:\/\/www.textgedichte.ch\/wordpress\/wp-content\/uploads\/2024\/11\/lesung_3-300x225.jpg\" data-src=\"https:\/\/www.textgedichte.ch\/wordpress\/wp-content\/uploads\/2024\/11\/lesung_3-300x225.jpg\" data-caption=\"\" srcset=\"https:\/\/www.textgedichte.ch\/wordpress\/wp-content\/uploads\/2024\/11\/lesung_3.jpg 900w, https:\/\/www.textgedichte.ch\/wordpress\/wp-content\/uploads\/2024\/11\/lesung_3-300x225.jpg 300w, https:\/\/www.textgedichte.ch\/wordpress\/wp-content\/uploads\/2024\/11\/lesung_3-768x576.jpg 768w\" sizes=\"auto, (max-width: 300px) 100vw, 300px\" \/>\n\t\t<div class=\"figc no-description\">\n\t\t\t<div class=\"figc-inner\">\n\t\t\t\t\t\t\t\t\t\t\t\t\t\t\t<\/div>\n\t\t<\/div>\n\n\t<\/div>\n\n<\/div><div class=\"modula-item effect-pufrobo\" >\n\t<div class=\"modula-item-overlay\"><\/div>\n\n\t<div class=\"modula-item-content\">\n\n\t\t<a data-image-id=\"29174\" role=\"button\" tabindex=\"0\" rel=\"jtg-29173\" data-caption=\"\" aria-label=\"Bilder in Lightbox \u00f6ffnen\" class=\"tile-inner modula-item-link\"><\/a><img loading=\"lazy\" decoding=\"async\" class=\"pic wp-image-29174\"  data-valign=\"middle\" data-halign=\"center\" alt=\"\" data-full=\"https:\/\/www.textgedichte.ch\/wordpress\/wp-content\/uploads\/2024\/11\/lesung_2.jpg\" title=\"lesung_2\" crop=\"\" width=\"300\" height=\"225\" src=\"https:\/\/www.textgedichte.ch\/wordpress\/wp-content\/uploads\/2024\/11\/lesung_2-300x225.jpg\" data-src=\"https:\/\/www.textgedichte.ch\/wordpress\/wp-content\/uploads\/2024\/11\/lesung_2-300x225.jpg\" data-caption=\"\" srcset=\"https:\/\/www.textgedichte.ch\/wordpress\/wp-content\/uploads\/2024\/11\/lesung_2.jpg 900w, https:\/\/www.textgedichte.ch\/wordpress\/wp-content\/uploads\/2024\/11\/lesung_2-300x225.jpg 300w, https:\/\/www.textgedichte.ch\/wordpress\/wp-content\/uploads\/2024\/11\/lesung_2-768x576.jpg 768w\" sizes=\"auto, (max-width: 300px) 100vw, 300px\" \/>\n\t\t<div class=\"figc no-description\">\n\t\t\t<div class=\"figc-inner\">\n\t\t\t\t\t\t\t\t\t\t\t\t\t\t\t<\/div>\n\t\t<\/div>\n\n\t<\/div>\n\n<\/div>\t\t\n\t<\/div>\n\n\t\n\t\n\t<script type=\"application\/ld+json\">\n\t{\n\t\t\"@context\": \"http:\/\/schema.org\",\n\t\t\"@type\"   : \"ImageGallery\",\n\t\t\"id\"      : \"https:\/\/www.textgedichte.ch\/wordpress\/sammelsurium\/\",\n\t\t\"url\"     : \"https:\/\/www.textgedichte.ch\/wordpress\/sammelsurium\/\"\n\t}\n\n\t<\/script>\n\n\t\n<\/div>\n\t\t<div class=\"modula-creative-commons-wrap\">\n\t\t\t<a rel=\"license\" href=\"http:\/\/creativecommons.org\/licenses\/by-nc-nd\/4.0\/\" target=\"_blank\"><img decoding=\"async\" alt=\"Creative Commons License\" style=\"border-width:0\" src=\"https:\/\/www.textgedichte.ch\/wordpress\/wp-content\/plugins\/modula-best-grid-gallery\/assets\/images\/licensing\/by-nc-nd.png\" \/><\/a>\n\t\t\t<span> \n\t\t\tDieses Werk ist lizenziert unter einer <a rel=\"license\" href=\"http:\/\/creativecommons.org\/licenses\/by-nc-nd\/4.0\/\" target=\"_blank\"> Lizenz \u201eNamensnennung \u2013 Nicht kommerziell \u2013 Keine Bearbeitungen 4.0 International\u201c (CC BY-NC-ND 4.0) <\/a>\t\t\t<\/span>\n\t\t<\/div>\n\t\t\n<hr \/>\n<p><strong>Zeichnend spielen<\/strong><br \/>\n<div id=\"mp3jWrap_3\" class=\"mjp-s-wrapper s-graphic unsel-mjp \" style=\"font-size:14px;\"><span id=\"playpause_wrap_mp3j_3\" class=\"wrap_inline_mp3j\" style=\"font-weight:700;\"><span class=\"gfxbutton_mp3j play-mjp\" id=\"playpause_mp3j_3\" style=\"font-size:14px;\">&nbsp;&nbsp;&nbsp;&nbsp;&nbsp;<\/span>&nbsp;<span class=\"group_wrap\"><span class=\"bars_mp3j\"><span class=\"loadB_mp3j\" id=\"load_mp3j_3\"><\/span><span class=\"posbarB_mp3j\" id=\"posbar_mp3j_3\"><\/span><\/span><span class=\"T_mp3j\" id=\"T_mp3j_3\" style=\"font-size:14px;\">Stuecke zeichnen<\/span><span class=\"indi_mp3j\" style=\"font-size:9.8px;\" id=\"statusMI_3\"><\/span><\/span><span class=\"vol_mp3j flipped\" id=\"vol_mp3j_3\"><\/span><\/span><\/div><span class=\"s-nosolution\" id=\"mp3j_nosolution_3\" style=\"display:none;\"><\/span><script>\nMP3jPLAYLISTS.inline_3 = [\n\t{ name: \"St\u00fccke zeichnen\", formats: [\"mp3\"], mp3: \"aHR0cDovL3d3dy5iZXJuaWsuY2gvd29yZHByZXNzL3dwLWNvbnRlbnQvdXBsb2Fkcy8yMDExLzExL3N0dWVja2VfMTQubXAz\", counterpart:\"\", artist: \"\", image: \"\", imgurl: \"\" }\n];\n<\/script>\n\n<script>MP3jPLAYERS[3] = { list: MP3jPLAYLISTS.inline_3, tr:0, type:'single', lstate:'', loop:false, play_txt:'&nbsp;&nbsp;&nbsp;&nbsp;&nbsp;', pause_txt:'&nbsp;&nbsp;&nbsp;&nbsp;&nbsp;', pp_title:'', autoplay:false, download:false, vol:70, height:'' };<\/script><br \/>\n<a href=\"http:\/\/www.bernik.ch\/wordpress\/wp-content\/uploads\/2011\/11\/stuecke_zeichnen.png\"><img loading=\"lazy\" decoding=\"async\" class=\"aligncenter size-large wp-image-1995\" src=\"http:\/\/www.bernik.ch\/wordpress\/wp-content\/uploads\/2011\/11\/stuecke_zeichnen-1016x1024.png\" alt=\"Stuecke_zeichnen\" width=\"584\" height=\"588\" srcset=\"https:\/\/www.textgedichte.ch\/wordpress\/wp-content\/uploads\/2011\/11\/stuecke_zeichnen-1016x1024.png 1016w, https:\/\/www.textgedichte.ch\/wordpress\/wp-content\/uploads\/2011\/11\/stuecke_zeichnen-150x150.png 150w, https:\/\/www.textgedichte.ch\/wordpress\/wp-content\/uploads\/2011\/11\/stuecke_zeichnen-297x300.png 297w, https:\/\/www.textgedichte.ch\/wordpress\/wp-content\/uploads\/2011\/11\/stuecke_zeichnen-600x604.png 600w, https:\/\/www.textgedichte.ch\/wordpress\/wp-content\/uploads\/2011\/11\/stuecke_zeichnen.png 2033w\" sizes=\"auto, (max-width: 584px) 100vw, 584px\" \/><\/a><\/p>\n<hr \/>\n<p><img loading=\"lazy\" decoding=\"async\" title=\"qr_code\" src=\"http:\/\/www.bernik.ch\/wordpress\/wp-content\/uploads\/2011\/11\/qr_code-150x150.jpg\" alt=\"bernhardknab.ch\" width=\"40\" height=\"40\"\/>&nbsp;Wer Gedichte nach dem zeitmessenden Verfahren analysieren m\u00f6chte, kann hier meine Schrift anfordern. <a href=\"http:\/\/www.bernik.ch\/wordpress\/wp-content\/uploads\/2011\/11\/Metrik_Taktzeichen.pdf\">Metrik_Taktzeichen<\/a><\/p>\n<p><img loading=\"lazy\" decoding=\"async\" title=\"qr_code\" src=\"http:\/\/www.bernik.ch\/wordpress\/wp-content\/uploads\/2011\/11\/qr_code-150x150.jpg\" alt=\"bernhardknab.ch\" width=\"40\" height=\"40\"\/>&nbsp;Il professore Giuseppe Bonghi ha gentilmente pubblicato uno dei miei lavori:&nbsp;<a title=\"Il sogno nei canti di Leopardi\" href=\"http:\/\/www.classicitaliani.it\/intro_pdf\/leoknab1.pdf\" target=\"_blank\" rel=\"noopener noreferrer\"><em>Il sogno&nbsp;nei canti di Leopardi<\/em><\/a>&nbsp;con la <em><a title=\"bibliografia\" href=\"http:\/\/www.classicitaliani.it\/intro_pdf\/leoknab2.pdf\" target=\"_blank\" rel=\"noopener noreferrer\">bibliografia<\/a><\/em>. Premi &#8222;commando + s&#8220; per poter caricarlo.<\/p>\n<p><img loading=\"lazy\" decoding=\"async\" title=\"qr_code\" src=\"http:\/\/www.bernik.ch\/wordpress\/wp-content\/uploads\/2011\/11\/qr_code-150x150.jpg\" alt=\"bernhardknab.ch\" width=\"40\" height=\"40\"\/>&nbsp;Ein \u00dcbungsst\u00fcck f\u00fcr Literaturinteressierte&nbsp;<a href=\"http:\/\/www.bernik.ch\/wordpress\/wp-content\/uploads\/2011\/11\/Gertrud_Kolmar.pdf\" target=\"_blank\" rel=\"noopener noreferrer\">der Lyrik Gertrud Kolmars<\/a><\/p>\n<p><img loading=\"lazy\" decoding=\"async\" title=\"qr_code\" src=\"http:\/\/www.bernik.ch\/wordpress\/wp-content\/uploads\/2011\/11\/qr_code-150x150.jpg\" alt=\"bernhardknab.ch\" width=\"40\" height=\"40\"\/>&nbsp;Un <a href=\"http:\/\/wordpress.bernik.ch\/wp-content\/uploads\/2013\/10\/Cultura etimologia.pdf\">lavoro <\/a>dell&#8217;anno 2000 per quelli che s&#8217;interessano dell&#8217;etimologia della parola &#8222;cultura&#8220;.<\/p>\n<hr \/>\n<p><strong>Arbeitsraum heisst Landschaften erkunden!<br \/>\n<\/strong><a href=\"http:\/\/www.bernik.ch\/wordpress\/interesse-an-texten\/arbeitsraum\/\" rel=\"attachment wp-att-847\"><img loading=\"lazy\" decoding=\"async\" class=\"aligncenter size-large wp-image-847\" title=\"Arbeitsraum\" src=\"http:\/\/www.bernik.ch\/wordpress\/wp-content\/uploads\/2012\/12\/Arbeitsraum-724x1024.png\" alt=\"Arbeitsraum\" width=\"684\" height=\"925\"\/><\/a><\/p>\n","protected":false},"excerpt":{"rendered":"excerpt","protected":false},"author":5,"featured_media":0,"parent":0,"menu_order":0,"comment_status":"open","ping_status":"closed","template":"","meta":{"episode_type":"","audio_file":"","podmotor_file_id":"","podmotor_episode_id":"","cover_image":"","cover_image_id":"","duration":"","filesize":"","filesize_raw":"","date_recorded":"","explicit":"","block":"","footnotes":""},"class_list":["post-62","page","type-page","status-publish","hentry"],"_links":{"self":[{"href":"https:\/\/www.textgedichte.ch\/wordpress\/wp-json\/wp\/v2\/pages\/62","targetHints":{"allow":["GET"]}}],"collection":[{"href":"https:\/\/www.textgedichte.ch\/wordpress\/wp-json\/wp\/v2\/pages"}],"about":[{"href":"https:\/\/www.textgedichte.ch\/wordpress\/wp-json\/wp\/v2\/types\/page"}],"author":[{"embeddable":true,"href":"https:\/\/www.textgedichte.ch\/wordpress\/wp-json\/wp\/v2\/users\/5"}],"replies":[{"embeddable":true,"href":"https:\/\/www.textgedichte.ch\/wordpress\/wp-json\/wp\/v2\/comments?post=62"}],"version-history":[{"count":1,"href":"https:\/\/www.textgedichte.ch\/wordpress\/wp-json\/wp\/v2\/pages\/62\/revisions"}],"predecessor-version":[{"id":29274,"href":"https:\/\/www.textgedichte.ch\/wordpress\/wp-json\/wp\/v2\/pages\/62\/revisions\/29274"}],"wp:attachment":[{"href":"https:\/\/www.textgedichte.ch\/wordpress\/wp-json\/wp\/v2\/media?parent=62"}],"curies":[{"name":"wp","href":"https:\/\/api.w.org\/{rel}","templated":true}]}}